{"id":4035,"date":"2016-03-07T12:33:38","date_gmt":"2016-03-07T11:33:38","guid":{"rendered":"https:\/\/www.komy.it\/orienta-conducto-de-humos-regulable.html"},"modified":"2023-03-13T13:17:46","modified_gmt":"2023-03-13T12:17:46","slug":"orienta-conducto-de-humos-regulable","status":"publish","type":"page","link":"https:\/\/www.komy.it\/es\/orienta-conducto-de-humos-regulable.html","title":{"rendered":"Orienta &#8211; Conducto de humos regulable"},"content":{"rendered":"<section class=\"wpb-content-wrapper\">[vc_row][vc_column][vc_column_text]El \u00faltimo producto es una idea revolucionaria que puede aplicarse en cualquier tipo de tejado: de hormig\u00f3n, de madera y ventilados. Se trata de un barril orientado a las distintas pendientes del tejado.<\/p>\n<p><strong>Consta principalmente de cuatro partes:<\/strong><\/p>\n<ul>\n<li>el fald\u00f3n: totalmente de acero inoxidable aisi 304 2b, que se fija al tejado desde el interior para evitar cualquier infiltraci\u00f3n de agua. Adem\u00e1s, viene con aluminio plisado donde el instalador lo fijar\u00e1 a cualquier tipo de teja, teja o teja canadiense;<\/li>\n<li>la espiral: tambi\u00e9n fabricada \u00edntegramente en acero inoxidable 304 2b, que se fijar\u00e1 internamente en el paso previamente montado en el tejado. La fijaci\u00f3n se realiza tanto para la solapa como para el alero desde el interior para evitar cualquier infiltraci\u00f3n;<\/li>\n<li>la cubierta: de acero galvanizado y doblada a presi\u00f3n. Va a aprovechar la tuerca externamente donde puede girar sobre ella. Se puede cubrir una gama de pendientes desde el 20% hasta un m\u00e1ximo del 45%. Una vez elegida la pendiente, la cubierta se atornilla a la tuerca con tornillos m8 suministrados con una arandela y una junta de EPDM, de nuevo para evitar nuevas infiltraciones de agua;<\/li>\n<li>el centrado: se trata de una bandeja de acero galvanizado doblado a presi\u00f3n que se suministra con un orificio para centrar la chimenea que sale del tejado.<\/li>\n<\/ul>\n[\/vc_column_text][vc_video link=&#8221;https:\/\/www.youtube.com\/embed\/qCxNAlBDvjk&#8221;][vc_column_text]<strong>Beneficios de Orienta:<\/strong><\/p>\n<ul>\n<li>extremadamente ligero;<\/li>\n<li>no hay posibilidad de filtraci\u00f3n de agua, ya que las fijaciones son desde el interior;<\/li>\n<li>totalmente inspeccionable;<\/li>\n<li>Producto antis\u00edsmico: al ser una estructura totalmente met\u00e1lica, no habr\u00eda principio de desmoronamiento en caso de terremoto;<\/li>\n<li>r\u00e1pido y f\u00e1cil de montar. Se instala en menos de 30 minutos.<\/li>\n<\/ul>\n<p>Este producto se adapta a cualquier modelo de la l\u00ednea Komy.<\/p>\n<p>NB: quien instale este producto debe asegurarse de que el faldell\u00edn quede absolutamente anclado para evitar posibles da\u00f1os.<\/p>\n<p><strong>LA EMPRESA NO SE HACE RESPONSABLE.<\/strong>[\/vc_column_text][\/vc_column][\/vc_row][vc_row][vc_column][vc_media_grid style=&#8221;load-more&#8221; items_per_page=&#8221;6&#8243; element_width=&#8221;2&#8243; grid_id=&#8221;vc_gid:1457350399369-2e869286-b15d-6&#8243; include=&#8221;3468,3469,3470,3471,3472,3473,3474,3475,3476,3477,3478,3479,3480,3481,3482&#8243;][\/vc_column][\/vc_row]\n<\/section>","protected":false},"excerpt":{"rendered":"<p>[vc_row][vc_column][vc_column_text]El \u00faltimo producto es una idea revolucionaria que puede aplicarse en cualquier tipo de tejado: de hormig\u00f3n, de madera y ventilados. Se trata de un barril orientado a las distintas pendientes del tejado. Consta principalmente de cuatro partes: el fald\u00f3n: totalmente de acero inoxidable aisi 304 2b, que se fija al tejado desde el interior [&hellip;]<\/p>\n","protected":false},"author":1,"featured_media":0,"parent":0,"menu_order":0,"comment_status":"closed","ping_status":"closed","template":"","meta":{"om_disable_all_campaigns":false,"_monsterinsights_skip_tracking":false,"_monsterinsights_sitenote_active":false,"_monsterinsights_sitenote_note":"","_monsterinsights_sitenote_category":0},"aioseo_notices":[],"_links":{"self":[{"href":"https:\/\/www.komy.it\/es\/wp-json\/wp\/v2\/pages\/4035"}],"collection":[{"href":"https:\/\/www.komy.it\/es\/wp-json\/wp\/v2\/pages"}],"about":[{"href":"https:\/\/www.komy.it\/es\/wp-json\/wp\/v2\/types\/page"}],"author":[{"embeddable":true,"href":"https:\/\/www.komy.it\/es\/wp-json\/wp\/v2\/users\/1"}],"replies":[{"embeddable":true,"href":"https:\/\/www.komy.it\/es\/wp-json\/wp\/v2\/comments?post=4035"}],"version-history":[{"count":1,"href":"https:\/\/www.komy.it\/es\/wp-json\/wp\/v2\/pages\/4035\/revisions"}],"predecessor-version":[{"id":4038,"href":"https:\/\/www.komy.it\/es\/wp-json\/wp\/v2\/pages\/4035\/revisions\/4038"}],"wp:attachment":[{"href":"https:\/\/www.komy.it\/es\/wp-json\/wp\/v2\/media?parent=4035"}],"curies":[{"name":"wp","href":"https:\/\/api.w.org\/{rel}","templated":true}]}}