{"id":4031,"date":"2016-03-02T15:12:10","date_gmt":"2016-03-02T14:12:10","guid":{"rendered":"https:\/\/www.komy.it\/solicitar-presupuesto.html"},"modified":"2023-10-31T09:26:41","modified_gmt":"2023-10-31T08:26:41","slug":"solicitar-presupuesto","status":"publish","type":"page","link":"https:\/\/www.komy.it\/es\/solicitar-presupuesto.html","title":{"rendered":"solicitar presupuesto"},"content":{"rendered":"<section class=\"wpb-content-wrapper\">[vc_row][vc_column width=&#8221;7\/12&#8243; el_class=&#8221;form-submit&#8221;][vc_column_text el_class=&#8221;lead-title&#8221; css=&#8221;.vc_custom_1456918615176{margin-bottom: 40px !important;}&#8221;]\n<h2>SOLICITAR PRESUPUESTO<\/h2>\n[\/vc_column_text][vc_column_text el_class=&#8221;lead-title&#8221;]P\u00f3ngase en contacto con nosotros para obtener un presupuesto gratuito o una simple informaci\u00f3n, nuestro equipo estar\u00e1 a su disposici\u00f3n para encontrar la mejor soluci\u00f3n a sus necesidades.[\/vc_column_text]<div role=\"form\" class=\"wpcf7\" id=\"wpcf7-f1705-o1\" lang=\"it-IT\" dir=\"ltr\">\n<div class=\"screen-reader-response\"><\/div>\n<form action=\"\/es\/wp-json\/wp\/v2\/pages\/4031#wpcf7-f1705-o1\" method=\"post\" class=\"wpcf7-form\" novalidate=\"novalidate\">\n<div style=\"display: none;\">\n<input type=\"hidden\" name=\"_wpcf7\" value=\"1705\" \/>\n<input type=\"hidden\" name=\"_wpcf7_version\" value=\"4.4.1\" \/>\n<input type=\"hidden\" name=\"_wpcf7_locale\" value=\"it_IT\" \/>\n<input type=\"hidden\" name=\"_wpcf7_unit_tag\" value=\"wpcf7-f1705-o1\" \/>\n<input type=\"hidden\" name=\"_wpnonce\" value=\"632ccbcb6d\" \/>\n<\/div>\n<div class=\"form-group\">\n\t<label>Nome<\/label><br \/>\n\t<span class=\"wpcf7-form-control-wrap nome\"><input type=\"text\" name=\"nome\" value=\"\" size=\"40\" class=\"wpcf7-form-control wpcf7-text wpcf7-validates-as-required form-control\" aria-required=\"true\" aria-invalid=\"false\" placeholder=\"Il tuo nome\" \/><\/span>\n<\/div>\n<div class=\"row\">\n<div class=\"col-md-6\">\n<div class=\"form-group\">\n\t\t\t<label>Privato\/Azienda<\/label><br \/>\n<span class=\"wpcf7-form-control-wrap tipologia_ut\"><select name=\"tipologia_ut\" class=\"wpcf7-form-control wpcf7-select wpcf7-validates-as-required form-control\" id=\"tipologia_ut\" aria-required=\"true\" aria-invalid=\"false\"><option value=\"\">---<\/option><option value=\"Privato\">Privato<\/option><option value=\"Rivendita\">Rivendita<\/option><option value=\"Installatore\">Installatore<\/option><option value=\"Impresa edile\">Impresa edile<\/option><option value=\"Altro\">Altro<\/option><\/select><\/span>\n\t\t<\/div><\/div>\n<div class=\"col-md-6\">\n<div class=\"form-group\">\n\t\t\t<label>Provincia<\/label><br \/>\n\t\t\t<span class=\"wpcf7-form-control-wrap Provincia\"><input type=\"text\" name=\"Provincia\" value=\"\" size=\"40\" class=\"wpcf7-form-control wpcf7-text form-control\" id=\"Provincia\" aria-invalid=\"false\" placeholder=\"Citt\u00e0(Provincia)\" \/><\/span>\n\t\t<\/div><\/div>\n<\/div>\n<div class=\"row\">\n<div class=\"col-md-6\">\n<div class=\"form-group\">\n\t\t\t<label>E-mail<\/label><br \/>\n\t\t\t<span class=\"wpcf7-form-control-wrap email\"><input type=\"email\" name=\"email\" value=\"\" size=\"40\" class=\"wpcf7-form-control wpcf7-text wpcf7-email wpcf7-validates-as-required wpcf7-validates-as-email form-control\" aria-required=\"true\" aria-invalid=\"false\" placeholder=\"La tua e-mail\" \/><\/span>\n\t\t<\/div><\/div>\n<div class=\"col-md-6\">\n<div class=\"form-group\">\n\t\t\t<label>Telefono<\/label><br \/>\n\t<span class=\"wpcf7-form-control-wrap telefon\"><input type=\"text\" name=\"telefon\" value=\"\" size=\"40\" class=\"wpcf7-form-control wpcf7-text form-control\" aria-invalid=\"false\" placeholder=\"N. di telefono\" \/><\/span>\n\t\t<\/div><\/div>\n<\/div>\n<div class=\"form-group\">\n\t\t\t<label>Oggetto richiesta<\/label><br \/>\n\t\t\t<span class=\"wpcf7-form-control-wrap oggetto\"><input type=\"text\" name=\"oggetto\" value=\"\" size=\"40\" class=\"wpcf7-form-control wpcf7-text wpcf7-validates-as-required form-control\" aria-required=\"true\" aria-invalid=\"false\" placeholder=\"Oggetto\" \/><\/span>\n\t\t<\/div>\n<div class=\"form-group\">\n\t\t\t<label>Messaggio<\/label><br \/>\n\t\t\t<span class=\"wpcf7-form-control-wrap messaggio\"><textarea name=\"messaggio\" cols=\"40\" rows=\"10\" class=\"wpcf7-form-control wpcf7-textarea wpcf7-validates-as-required form-control\" aria-required=\"true\" aria-invalid=\"false\" placeholder=\"Scrivi qui il tuo messaggio...\"><\/textarea><\/span>\n\t\t<\/div>\n<div class=\"form-group\">\n<span class=\"wpcf7-form-control-wrap privacy\"><span class=\"wpcf7-form-control wpcf7-checkbox wpcf7-validates-as-required checkPrivacy\"><span class=\"wpcf7-list-item first last\"><input type=\"checkbox\" name=\"privacy[]\" value=\"Privacy -\" \/>&nbsp;<span class=\"wpcf7-list-item-label\">Privacy -<\/span><\/span><\/span><\/span> Cliccando sul pulsante \"INVIA\" dichiaro di aver letto l\u2019<a href=\"http:\/\/www.geminit.it\/privacy.php?value=NWRBRmtEbk9PU3FwVmxHNzVkQ3E1K1ZTUzN4dXU2RDVHQk15emV2ZjRFK3hmLzFZWnJsWlFWT0xmUDRzSXNhaGV1YUpRVmQ2ZDl2ZjZCeVVaRU9JNG9zSldYZjFja05jcmNTMjZ2ZGtzMm0xMmdqaEU2QWYySWNlblNUNmVFNjkyK1NGMDA2TTFWZVhaUXFkVm5xciswbE5oSGxWME8reHpBd2dma2pweVBEemRSUktLZFc5ZlNXc1F0UWJHajhORUViaVZnZ0hCUWQ4WmYxN3BZWE45bUJWM3gzY0xscDhqQk16amdnS2hleEFuQm9uSmZKWWIrem1aWmhLRk1oOW9qbHowU0xqRmtaa2NqSzR1WE5mcEZSblVHMndFQ3hLQ01JRnp0eWZjbGM1M0JkSzc2RTRGZTVTWkM0ditjeGxLdjQ0b1Q5WGRMV21DRi9aYlNsSWRLSkxFT2JiampaQURKMTJYS0t6MEUzcEZFWTJLZzdwa1lOZXRVSmg4K0w5SGJVSlJQUzMvN2VNMGFVWkU1UUduRUdLeGFIM0Y1Q1g4SG5iL0x5OFlEcDFBQWFUSmszK2hDVmFaMTFqMThYZDVTeEFxQTZnblFyOWlHTmhIWUpKd0g1bW5YNFdIa2hPellJaWxkVnF2NEd2U0N3M1daNWtWNjRCNThTeGowSHh5ZDRwTzZaSUUrS3FQQ1ErWHd3Unl3UEM1cVhjZjVVdkdQbTBQeitMeDRzUFFldVNRZGJoSVpVcHVtWS9zbmtO\" target=\"_blank\">informativa privacy<\/a>, e pertanto: acconsento al trattamento dei miei Dati personali per le finalit\u00e0 di cui al punto 3, lett. a), per le finalit\u00e0 di cui al punto 3, lett. b)\n<\/div>\n<div class=\"form-group\">\n<div class=\"wpcf7-form-control-wrap\"><div data-sitekey=\"6LdV4xkTAAAAADblReh7ZsY2TIXdKO5OrNVfXI3h\" class=\"wpcf7-form-control g-recaptcha wpcf7-recaptcha\"><\/div>\n<noscript>\n\t<div style=\"width: 302px; height: 422px;\">\n\t\t<div style=\"width: 302px; height: 422px; position: relative;\">\n\t\t\t<div style=\"width: 302px; height: 422px; position: absolute;\">\n\t\t\t\t<iframe src=\"https:\/\/www.google.com\/recaptcha\/api\/fallback?k=6LdV4xkTAAAAADblReh7ZsY2TIXdKO5OrNVfXI3h\" frameborder=\"0\" scrolling=\"no\" style=\"width: 302px; height:422px; border-style: none;\">\n\t\t\t\t<\/iframe>\n\t\t\t<\/div>\n\t\t\t<div style=\"width: 300px; height: 60px; border-style: none; bottom: 12px; left: 25px; margin: 0px; padding: 0px; right: 25px; background: #f9f9f9; border: 1px solid #c1c1c1; border-radius: 3px;\">\n\t\t\t\t<textarea id=\"g-recaptcha-response\" name=\"g-recaptcha-response\" class=\"g-recaptcha-response\" style=\"width: 250px; height: 40px; border: 1px solid #c1c1c1; margin: 10px 25px; padding: 0px; resize: none;\">\n\t\t\t\t<\/textarea>\n\t\t\t<\/div>\n\t\t<\/div>\n\t<\/div>\n<\/noscript>\n<\/div><\/div>\n<p><input type=\"submit\" value=\"Invia\" class=\"wpcf7-form-control wpcf7-submit btn btn-primary mb-30\" \/><\/p>\n<div class=\"wpcf7-response-output wpcf7-display-none\"><\/div><\/form><\/div>[\/vc_column][vc_column width=&#8221;5\/12&#8243;][vc_single_image image=&#8221;3450&#8243; img_size=&#8221;full&#8221;][vc_column_text el_class=&#8221;lead-title&#8221; css=&#8221;.vc_custom_1456918179425{margin-bottom: 40px !important;}&#8221;]\n<h2>CONTACTOS<\/h2>\n[\/vc_column_text][vc_column_text el_class=&#8221;lead-title contact-info&#8221;]\n<h5>Direcci\u00f3n<\/h5>\n<p>Via dei Pastai, 64025 Zona Ind.le Scerne di Pineto (TE)<\/p>\n<h5>Env\u00ede un correo electr\u00f3nico a<\/h5>\n<p>info@komy.it<\/p>\n<h5>Tel\u00e9fono<\/h5>\n<p>347 0937887 &#8211; 388 0506122<\/p>\n<h5>Fax<\/h5>\n<p>085 936133[\/vc_column_text][\/vc_column][\/vc_row]\n<\/section>","protected":false},"excerpt":{"rendered":"<p>[vc_row][vc_column width=&#8221;7\/12&#8243; el_class=&#8221;form-submit&#8221;][vc_column_text el_class=&#8221;lead-title&#8221; css=&#8221;.vc_custom_1456918615176{margin-bottom: 40px !important;}&#8221;] SOLICITAR PRESUPUESTO [\/vc_column_text][vc_column_text el_class=&#8221;lead-title&#8221;]P\u00f3ngase en contacto con nosotros para obtener un presupuesto gratuito o una simple informaci\u00f3n, nuestro equipo estar\u00e1 a su disposici\u00f3n para encontrar la mejor soluci\u00f3n a sus necesidades.[\/vc_column_text][\/vc_column][vc_column width=&#8221;5\/12&#8243;][vc_single_image image=&#8221;3450&#8243; img_size=&#8221;full&#8221;][vc_column_text el_class=&#8221;lead-title&#8221; css=&#8221;.vc_custom_1456918179425{margin-bottom: 40px !important;}&#8221;] CONTACTOS [\/vc_column_text][vc_column_text el_class=&#8221;lead-title contact-info&#8221;] Direcci\u00f3n Via dei Pastai, 64025 Zona [&hellip;]<\/p>\n","protected":false},"author":1,"featured_media":0,"parent":0,"menu_order":0,"comment_status":"closed","ping_status":"closed","template":"","meta":{"om_disable_all_campaigns":false,"_monsterinsights_skip_tracking":false,"_monsterinsights_sitenote_active":false,"_monsterinsights_sitenote_note":"","_monsterinsights_sitenote_category":0},"aioseo_notices":[],"_links":{"self":[{"href":"https:\/\/www.komy.it\/es\/wp-json\/wp\/v2\/pages\/4031"}],"collection":[{"href":"https:\/\/www.komy.it\/es\/wp-json\/wp\/v2\/pages"}],"about":[{"href":"https:\/\/www.komy.it\/es\/wp-json\/wp\/v2\/types\/page"}],"author":[{"embeddable":true,"href":"https:\/\/www.komy.it\/es\/wp-json\/wp\/v2\/users\/1"}],"replies":[{"embeddable":true,"href":"https:\/\/www.komy.it\/es\/wp-json\/wp\/v2\/comments?post=4031"}],"version-history":[{"count":4,"href":"https:\/\/www.komy.it\/es\/wp-json\/wp\/v2\/pages\/4031\/revisions"}],"predecessor-version":[{"id":4166,"href":"https:\/\/www.komy.it\/es\/wp-json\/wp\/v2\/pages\/4031\/revisions\/4166"}],"wp:attachment":[{"href":"https:\/\/www.komy.it\/es\/wp-json\/wp\/v2\/media?parent=4031"}],"curies":[{"name":"wp","href":"https:\/\/api.w.org\/{rel}","templated":true}]}}