{"id":4028,"date":"2016-03-02T12:49:58","date_gmt":"2016-03-02T11:49:58","guid":{"rendered":"https:\/\/www.komy.it\/minoristas.html"},"modified":"2023-03-13T13:17:45","modified_gmt":"2023-03-13T12:17:45","slug":"minoristas","status":"publish","type":"page","link":"https:\/\/www.komy.it\/es\/minoristas.html","title":{"rendered":"Minoristas"},"content":{"rendered":"<section class=\"wpb-content-wrapper\">[vc_row][vc_column width=&#8221;2\/3&#8243;][vc_column_text]\n<h2>\u00bfQuiere ser distribuidor?<\/h2>\n<p>Convertirse en distribuidor de KOMY es una oportunidad para cualquiera que trabaje en el sector de la construcci\u00f3n con seriedad y profesionalidad.<\/p>\n<p>Para quienes decidan adherirse, reservamos un espacio exclusivo y una actividad constante de informaci\u00f3n y promoci\u00f3n con todos los fabricantes que operan en la regi\u00f3n de los Abruzos y, pr\u00f3ximamente, en la regi\u00f3n de Las Marcas, con el objetivo de expandirnos por toda Italia en unos a\u00f1os.<\/p>\n<p>Todos nuestros distribuidores tambi\u00e9n tendr\u00e1n derecho a una p\u00e1gina gratuita en nuestro sitio web, incondicionalmente y durante todo el periodo de afiliaci\u00f3n.<\/p>\n<p>Para convertirse en distribuidor KOMY de inmediato, s\u00f3lo tiene que realizar su primer pedido sin ning\u00fan gasto m\u00ednimo y devolver por fax el formulario de solicitud que recibir\u00e1.<\/p>\n<p>Para m\u00e1s informaci\u00f3n env\u00ede un correo electr\u00f3nico o p\u00f3ngase en contacto con nuestros n\u00fameros .[\/vc_column_text][\/vc_column][vc_column width=&#8221;1\/3&#8243;][vc_single_image image=&#8221;3363&#8243; img_size=&#8221;medium&#8221;][\/vc_column][\/vc_row][vc_row][vc_column][vc_cta h2=&#8221;\u00bfQuiere ser distribuidor?&#8221; add_button=&#8221;right&#8221; btn_title=&#8221;Convi\u00e9rtase en distribuidor&#8221; btn_shape=&#8221;square&#8221; btn_color=&#8221;warning&#8221; btn_i_icon_fontawesome=&#8221;fa fa-check-square-o&#8221; btn_add_icon=&#8221;true&#8221;]Rellene el formulario, nos pondremos en contacto con usted en unas horas. Convertirse en distribuidor de KOMY es una oportunidad para cualquiera que trabaje en el sector de la construcci\u00f3n con seriedad y profesionalidad.[\/vc_cta][\/vc_column][\/vc_row]\n<\/section>","protected":false},"excerpt":{"rendered":"<p>[vc_row][vc_column width=&#8221;2\/3&#8243;][vc_column_text] \u00bfQuiere ser distribuidor? Convertirse en distribuidor de KOMY es una oportunidad para cualquiera que trabaje en el sector de la construcci\u00f3n con seriedad y profesionalidad. Para quienes decidan adherirse, reservamos un espacio exclusivo y una actividad constante de informaci\u00f3n y promoci\u00f3n con todos los fabricantes que operan en la regi\u00f3n de los Abruzos [&hellip;]<\/p>\n","protected":false},"author":1,"featured_media":0,"parent":0,"menu_order":0,"comment_status":"closed","ping_status":"closed","template":"","meta":{"om_disable_all_campaigns":false,"_monsterinsights_skip_tracking":false,"_monsterinsights_sitenote_active":false,"_monsterinsights_sitenote_note":"","_monsterinsights_sitenote_category":0},"aioseo_notices":[],"_links":{"self":[{"href":"https:\/\/www.komy.it\/es\/wp-json\/wp\/v2\/pages\/4028"}],"collection":[{"href":"https:\/\/www.komy.it\/es\/wp-json\/wp\/v2\/pages"}],"about":[{"href":"https:\/\/www.komy.it\/es\/wp-json\/wp\/v2\/types\/page"}],"author":[{"embeddable":true,"href":"https:\/\/www.komy.it\/es\/wp-json\/wp\/v2\/users\/1"}],"replies":[{"embeddable":true,"href":"https:\/\/www.komy.it\/es\/wp-json\/wp\/v2\/comments?post=4028"}],"version-history":[{"count":8,"href":"https:\/\/www.komy.it\/es\/wp-json\/wp\/v2\/pages\/4028\/revisions"}],"predecessor-version":[{"id":4041,"href":"https:\/\/www.komy.it\/es\/wp-json\/wp\/v2\/pages\/4028\/revisions\/4041"}],"wp:attachment":[{"href":"https:\/\/www.komy.it\/es\/wp-json\/wp\/v2\/media?parent=4028"}],"curies":[{"name":"wp","href":"https:\/\/api.w.org\/{rel}","templated":true}]}}