{"id":4014,"date":"2016-03-02T12:24:18","date_gmt":"2016-03-02T11:24:18","guid":{"rendered":"https:\/\/www.komy.it\/komy-snc-di-di-marco-graziano-e-roberto.html"},"modified":"2023-03-13T13:16:05","modified_gmt":"2023-03-13T12:16:05","slug":"komy-snc-di-di-marco-graziano-e-roberto","status":"publish","type":"page","link":"https:\/\/www.komy.it\/es\/komy-snc-di-di-marco-graziano-e-roberto.html","title":{"rendered":"Komy snc di Di Marco Graziano e Roberto"},"content":{"rendered":"<section class=\"wpb-content-wrapper\">[vc_row][vc_column width=&#8221;1\/2&#8243;][vc_single_image image=&#8221;3394&#8243; img_size=&#8221;full&#8221;][\/vc_column][vc_column width=&#8221;1\/2&#8243;][vc_column_text]Komy SNC naci\u00f3 de la experiencia y la sabidur\u00eda art\u00edstica del maestro fundador Gaetano Di Marco, y de la t\u00e9cnica y el m\u00e9todo cient\u00edfico de sus hijos Graziano y Roberto.<\/p>\n<p>Komy SNC se ha hecho un nombre en los \u00faltimos a\u00f1os centr\u00e1ndose sobre todo en la calidad del producto como factor estrat\u00e9gico de \u00e9xito, y en la atenci\u00f3n meticulosa a los detalles de fabricaci\u00f3n, sin abandonar nunca la b\u00fasqueda constante de soluciones innovadoras.<\/p>\n<p>Komy SNC est\u00e1 especializada en todo tipo de trabajos met\u00e1licos, en hierro forjado a mano y acero inoxidable, y desde hace unos a\u00f1os fabrica KOMY, un producto exclusivo que pretende ser la evoluci\u00f3n est\u00e9tica y funcional de la chimenea tradicional.<\/p>\n<p>La seriedad y equidad que siempre han caracterizado las relaciones con clientes y proveedores permiten a DMG garantizar la fiabilidad indispensable para quien trabaja con \u00e9xito en un mercado de alta calidad.[\/vc_column_text][\/vc_column][\/vc_row][vc_row][vc_column][vc_media_grid style=&#8221;load-more&#8221; items_per_page=&#8221;12&#8243; element_width=&#8221;2&#8243; btn_title=&#8221;Ver m\u00e1s&#8221; grid_id=&#8221;vc_gid:1614955302654-50a76186-01c2-10&#8243; include=&#8221;3430,3371,3511,3512,3513,3514,3515,3516,3517,3518,3519,3520,3521,3522,3523,3524,3525,3526,3527,3528,3529,3530,3531,3532,3533,3534,3535,3536,3537,3538,3539,3540,3541,3542,3543,3544,3545,3546,3547,3548,3549,3550,3551,3552,3553,3554,3555,3556,3557,3558,3559,3560,3561,3562,3563,3564,3565,3566,3567,3569,3570,3571,3572,3573,3574&#8243;][\/vc_column][\/vc_row]\n<\/section>","protected":false},"excerpt":{"rendered":"<p>[vc_row][vc_column width=&#8221;1\/2&#8243;][vc_single_image image=&#8221;3394&#8243; img_size=&#8221;full&#8221;][\/vc_column][vc_column width=&#8221;1\/2&#8243;][vc_column_text]Komy SNC naci\u00f3 de la experiencia y la sabidur\u00eda art\u00edstica del maestro fundador Gaetano Di Marco, y de la t\u00e9cnica y el m\u00e9todo cient\u00edfico de sus hijos Graziano y Roberto. Komy SNC se ha hecho un nombre en los \u00faltimos a\u00f1os centr\u00e1ndose sobre todo en la calidad del producto como factor [&hellip;]<\/p>\n","protected":false},"author":1,"featured_media":0,"parent":0,"menu_order":0,"comment_status":"closed","ping_status":"closed","template":"","meta":{"om_disable_all_campaigns":false,"_monsterinsights_skip_tracking":false,"_monsterinsights_sitenote_active":false,"_monsterinsights_sitenote_note":"","_monsterinsights_sitenote_category":0},"aioseo_notices":[],"_links":{"self":[{"href":"https:\/\/www.komy.it\/es\/wp-json\/wp\/v2\/pages\/4014"}],"collection":[{"href":"https:\/\/www.komy.it\/es\/wp-json\/wp\/v2\/pages"}],"about":[{"href":"https:\/\/www.komy.it\/es\/wp-json\/wp\/v2\/types\/page"}],"author":[{"embeddable":true,"href":"https:\/\/www.komy.it\/es\/wp-json\/wp\/v2\/users\/1"}],"replies":[{"embeddable":true,"href":"https:\/\/www.komy.it\/es\/wp-json\/wp\/v2\/comments?post=4014"}],"version-history":[{"count":1,"href":"https:\/\/www.komy.it\/es\/wp-json\/wp\/v2\/pages\/4014\/revisions"}],"predecessor-version":[{"id":4017,"href":"https:\/\/www.komy.it\/es\/wp-json\/wp\/v2\/pages\/4014\/revisions\/4017"}],"wp:attachment":[{"href":"https:\/\/www.komy.it\/es\/wp-json\/wp\/v2\/media?parent=4014"}],"curies":[{"name":"wp","href":"https:\/\/api.w.org\/{rel}","templated":true}]}}