{"id":4010,"date":"2016-03-01T14:34:46","date_gmt":"2016-03-01T13:34:46","guid":{"rendered":"https:\/\/www.komy.it\/ficha-tecnica-de-la-chimenea-komy.html"},"modified":"2023-03-13T13:16:04","modified_gmt":"2023-03-13T12:16:04","slug":"ficha-tecnica-de-la-chimenea-komy","status":"publish","type":"page","link":"https:\/\/www.komy.it\/es\/ficha-tecnica-de-la-chimenea-komy.html","title":{"rendered":"Ficha t\u00e9cnica de la chimenea Komy"},"content":{"rendered":"<section class=\"wpb-content-wrapper\">[vc_row][vc_column width=&#8221;1\/2&#8243;][vc_single_image image=&#8221;3410&#8243; img_size=&#8221;full&#8221;][\/vc_column][vc_column width=&#8221;1\/2&#8243;][vc_column_text]La l\u00ednea Komy consta de siete modelos diferentes de chimeneas de base cuadrada El modelo Komy, del que toma su nombre toda la l\u00ednea, es sin duda el producto estrella de la producci\u00f3n.<\/p>\n<p>Komy es un recipiente para chimeneas que puede inspeccionarse, ya que est\u00e1 equipado con una abertura de solapa:<\/p>\n<ul>\n<li>facilita la limpieza rutinaria de la chimenea;<\/li>\n<li>facilita la limpieza y el mantenimiento, ya que el propio terminal es de metal desmenuzable<\/li>\n<li>resistente a las altas temperaturas;<\/li>\n<li>resiste al viento y a la intemperie;<\/li>\n<li>garantiza una buena corriente de aire al ser un cortavientos;<\/li>\n<li>Innovador en dise\u00f1o y precio;<\/li>\n<li>la chimenea no se rompe;<\/li>\n<li>es un sistema patentado que ahorra tiempo y dinero en el mantenimiento de las chimeneas;<\/li>\n<li>facilita la actuaci\u00f3n en caso de rescate, ya que los bomberos pueden actuar con facilidad.<\/li>\n<\/ul>\n[\/vc_column_text][\/vc_column][\/vc_row][vc_row][vc_column][vc_cta h2=&#8221;Descargar el cat\u00e1logo Komy&#8221; add_button=&#8221;right&#8221; btn_title=&#8221;Descargar cat\u00e1logo&#8221; btn_shape=&#8221;square&#8221; btn_color=&#8221;info&#8221; btn_align=&#8221;right&#8221; btn_i_icon_fontawesome=&#8221;fa fa-file-pdf-o&#8221; btn_link=&#8221;url:http%3A%2F%2Fwww.komy.it%2Fdocs%2FCATALOGO.pdf|&#8221; btn_add_icon=&#8221;true&#8221; btn_button_block=&#8221;true&#8221;]Komy es un sistema patentado que le ahorra tiempo y dinero en el mantenimiento de su chimenea. La l\u00ednea Komy consta de siete modelos diferentes de deshollinadores inspeccionables, haga clic en el enlace para descargar el cat\u00e1logo.[\/vc_cta][\/vc_column][\/vc_row][vc_row][vc_column width=&#8221;1\/2&#8243;][vc_column_text]El peso de un pote de chimenea de 42&#215;42 es de unos 8 kg, por lo que Komy es inmediato en el tiempo de instalaci\u00f3n, pr\u00e1ctico y manejable en caso de sustituci\u00f3n. Los tama\u00f1os est\u00e1ndar oscilan entre un m\u00ednimo de 27&#215;27 cm y un m\u00e1ximo de 64&#215;64 cm.<\/p>\n<p>Para diferentes requisitos, puede fabricarse a medida de cualquier tama\u00f1o, hasta 6 ml x 2 ml.<\/p>\n<p><strong>Los metales utilizados son:<\/strong><\/p>\n<ul>\n<li>chapas galvanizadas (8\/10 mm de espesor) pintadas con pinturas termoendurecibles;<\/li>\n<li>cobre (8\/10 mm de grosor) &#8211; acero inoxidable (8\/10 mm de grosor)<\/li>\n<li>aluminio a petici\u00f3n.<\/li>\n<\/ul>\n<p>Cada elemento individual de la l\u00ednea de chimeneas Komy se ensambla mediante un sistema de acoplamiento en fr\u00edo denominado clinchado. Este sistema sirve para evitar que el material se estropee. Cuando no sea posible intervenir con este sistema (clinchado), se aplicar\u00e1n m\u00e9todos adecuados a los materiales utilizados: compuesto con acero inoxidable mediante punzonado.<\/p>\n<p><strong>Tambi\u00e9n disponible en acero inoxidable bajo pedido.<\/strong>[\/vc_column_text][\/vc_column][vc_column width=&#8221;1\/2&#8243;][vc_single_image image=&#8221;3409&#8243; img_size=&#8221;full&#8221;][\/vc_column][\/vc_row][vc_row][vc_column width=&#8221;1\/2&#8243;][vc_cta h2=&#8221;Descargar el cat\u00e1logo Komy&#8221; add_button=&#8221;right&#8221; btn_title=&#8221;Descargar cat\u00e1logo&#8221; btn_shape=&#8221;square&#8221; btn_color=&#8221;info&#8221; btn_align=&#8221;right&#8221; btn_i_icon_fontawesome=&#8221;fa fa-file-pdf-o&#8221; btn_link=&#8221;url:http%3A%2F%2Fwww.komy.it%2Fdocs%2FCATALOGO.pdf|&#8221; btn_add_icon=&#8221;true&#8221; btn_button_block=&#8221;true&#8221;]La l\u00ednea Komy consta de siete modelos diferentes de chimeneas inspeccionables[\/vc_cta][\/vc_column][vc_column width=&#8221;1\/2&#8243;][vc_cta h2=&#8221;Descargar el informe Komy&#8221; add_button=&#8221;right&#8221; btn_title=&#8221;Descargar el informe&#8221; btn_shape=&#8221;square&#8221; btn_color=&#8221;success&#8221; btn_align=&#8221;right&#8221; btn_i_icon_fontawesome=&#8221;fa fa-file-pdf-o&#8221; btn_link=&#8221;url:http%3A%2F%2Fwww.komy.it%2Fdocs%2Frapporto.pdf|&#8221; btn_add_icon=&#8221;true&#8221; btn_button_block=&#8221;true&#8221;]Descargar el informe de la prueba realizada por el Instituto Bruno Giordano[\/vc_cta][\/vc_column][\/vc_row]\n<\/section>","protected":false},"excerpt":{"rendered":"<p>[vc_row][vc_column width=&#8221;1\/2&#8243;][vc_single_image image=&#8221;3410&#8243; img_size=&#8221;full&#8221;][\/vc_column][vc_column width=&#8221;1\/2&#8243;][vc_column_text]La l\u00ednea Komy consta de siete modelos diferentes de chimeneas de base cuadrada El modelo Komy, del que toma su nombre toda la l\u00ednea, es sin duda el producto estrella de la producci\u00f3n. Komy es un recipiente para chimeneas que puede inspeccionarse, ya que est\u00e1 equipado con una abertura de solapa: [&hellip;]<\/p>\n","protected":false},"author":1,"featured_media":0,"parent":0,"menu_order":0,"comment_status":"closed","ping_status":"closed","template":"","meta":{"om_disable_all_campaigns":false,"_monsterinsights_skip_tracking":false,"_monsterinsights_sitenote_active":false,"_monsterinsights_sitenote_note":"","_monsterinsights_sitenote_category":0},"aioseo_notices":[],"_links":{"self":[{"href":"https:\/\/www.komy.it\/es\/wp-json\/wp\/v2\/pages\/4010"}],"collection":[{"href":"https:\/\/www.komy.it\/es\/wp-json\/wp\/v2\/pages"}],"about":[{"href":"https:\/\/www.komy.it\/es\/wp-json\/wp\/v2\/types\/page"}],"author":[{"embeddable":true,"href":"https:\/\/www.komy.it\/es\/wp-json\/wp\/v2\/users\/1"}],"replies":[{"embeddable":true,"href":"https:\/\/www.komy.it\/es\/wp-json\/wp\/v2\/comments?post=4010"}],"version-history":[{"count":1,"href":"https:\/\/www.komy.it\/es\/wp-json\/wp\/v2\/pages\/4010\/revisions"}],"predecessor-version":[{"id":4013,"href":"https:\/\/www.komy.it\/es\/wp-json\/wp\/v2\/pages\/4010\/revisions\/4013"}],"wp:attachment":[{"href":"https:\/\/www.komy.it\/es\/wp-json\/wp\/v2\/media?parent=4010"}],"curies":[{"name":"wp","href":"https:\/\/api.w.org\/{rel}","templated":true}]}}