{"id":4006,"date":"2016-03-01T12:46:24","date_gmt":"2016-03-01T11:46:24","guid":{"rendered":"https:\/\/www.komy.it\/komy-el-deshollinador-inspeccionable.html"},"modified":"2024-09-24T09:30:39","modified_gmt":"2024-09-24T07:30:39","slug":"komy-el-deshollinador-inspeccionable","status":"publish","type":"page","link":"https:\/\/www.komy.it\/es\/komy-el-deshollinador-inspeccionable.html","title":{"rendered":"Komy &#8211; el deshollinador inspeccionable"},"content":{"rendered":"<section class=\"wpb-content-wrapper\">[vc_row][vc_column width=&#8221;1\/2&#8243;][vc_single_image image=&#8221;3394&#8243; img_size=&#8221;full&#8221;][\/vc_column][vc_column width=&#8221;1\/2&#8243;][vc_column_text]Komy <strong>es un sistema patentado que te ahorra tiempo y dinero en el mantenimiento del hogar de tu chimenea<\/strong> Caracter\u00edsticas de Komy  <\/p>\n<ul>\n<li>El \u00fanico con apertura de solapa con cierre de trinquete y, por tanto, totalmente inspeccionable.<\/li>\n<li>Fabricado en acero galvanizado y recubierto de polvo termoendurecible, es f\u00e1cil de limpiar y mantener.<\/li>\n<li>Revolucionario en dise\u00f1o y precio.<\/li>\n<\/ul>\n[\/vc_column_text][\/vc_column][\/vc_row][vc_row][vc_column][vc_column_text]KOMY est\u00e1 fabricado en acero galvanizado y recubierto de polvo termoendurecible y es resistente a temperaturas muy elevadas. Dise\u00f1ado para asegurar una gran resistencia al viento y a la intemperie gracias a un sistema especial de aletas, garantiza al mismo tiempo un excelente tiro relativo y un dise\u00f1o atractivo. Asegura una gran estabilidad y evita los problemas de desmoronamiento de los hogares tradicionales. El peso de un pote de chimenea 30X30 es de unos 8 kg, lo que lo hace extremadamente pr\u00e1ctico y manejable en caso de sustituci\u00f3n, e inmediato en el tiempo de instalaci\u00f3n. El sistema de apertura de la trampilla permite intervenir f\u00e1cilmente en caso de mantenimiento o limpieza de la chimenea, lo que se recomienda al menos una vez al a\u00f1o para evitar el riesgo de incendio.  <\/p>\n<h3>KOMY NO SE ROMPE<\/h3>\n<p>  KOMY est\u00e1 fabricado con <strong>material<\/strong> <strong>resistente a la corrosi\u00f3n<\/strong> y <strong>es resistente a temperaturas muy altas<\/strong>. Dise\u00f1ado para garantizar <strong>una gran resistencia al viento<\/strong> y a la intemperie, ofrece un <strong>excelente calado<\/strong> y un atractivo dise\u00f1o. Las dimensiones est\u00e1ndar de los recipientes para chimeneas KOMY van desde un m\u00ednimo de 15X15 cm hasta un m\u00e1ximo de 50X50 cm, pero para diferentes necesidades tambi\u00e9n es posible fabricarlos a cualquier tama\u00f1o bajo pedido. Disponible en dos tonos: gris mic\u00e1ceo y rojo m\u00e1rmol.  <strong>Tambi\u00e9n disponible en acero inoxidable bajo pedido.<\/strong>[\/vc_column_text][\/vc_column][\/vc_row][vc_row][vc_column width=&#8221;1\/3&#8243;][featurepost feature_post_style=&#8221;large_feature_image&#8221; feature_post_id=&#8221;3401&#8243;][\/vc_column][vc_column width=&#8221;1\/3&#8243;][featurepost feature_post_style=&#8221;large_feature_image&#8221; feature_post_id=&#8221;3399&#8243;][\/vc_column][vc_column width=&#8221;1\/3&#8243;][featurepost feature_post_style=&#8221;large_feature_image&#8221; feature_post_id=&#8221;3402&#8243;][\/vc_column][\/vc_row][vc_row][vc_column][vc_media_grid element_width=&#8221;2&#8243; grid_id=&#8221;vc_gid:1727163877070-1eb63d5c-8d83-6&#8243; include=&#8221;3384,3386,3387,3389,3390,3391,3371,3370,3368,3361,3363,3364&#8243;][\/vc_column][\/vc_row]\n<\/section>","protected":false},"excerpt":{"rendered":"<p>[vc_row][vc_column width=&#8221;1\/2&#8243;][vc_single_image image=&#8221;3394&#8243; img_size=&#8221;full&#8221;][\/vc_column][vc_column width=&#8221;1\/2&#8243;][vc_column_text]Komy es un sistema patentado que te ahorra tiempo y dinero en el mantenimiento del hogar de tu chimenea Caracter\u00edsticas de Komy El \u00fanico con apertura de solapa con cierre de trinquete y, por tanto, totalmente inspeccionable. Fabricado en acero galvanizado y recubierto de polvo termoendurecible, es f\u00e1cil de limpiar y [&hellip;]<\/p>\n","protected":false},"author":1,"featured_media":0,"parent":0,"menu_order":0,"comment_status":"closed","ping_status":"closed","template":"","meta":{"om_disable_all_campaigns":false,"_monsterinsights_skip_tracking":false,"_monsterinsights_sitenote_active":false,"_monsterinsights_sitenote_note":"","_monsterinsights_sitenote_category":0},"aioseo_notices":[],"_links":{"self":[{"href":"https:\/\/www.komy.it\/es\/wp-json\/wp\/v2\/pages\/4006"}],"collection":[{"href":"https:\/\/www.komy.it\/es\/wp-json\/wp\/v2\/pages"}],"about":[{"href":"https:\/\/www.komy.it\/es\/wp-json\/wp\/v2\/types\/page"}],"author":[{"embeddable":true,"href":"https:\/\/www.komy.it\/es\/wp-json\/wp\/v2\/users\/1"}],"replies":[{"embeddable":true,"href":"https:\/\/www.komy.it\/es\/wp-json\/wp\/v2\/comments?post=4006"}],"version-history":[{"count":5,"href":"https:\/\/www.komy.it\/es\/wp-json\/wp\/v2\/pages\/4006\/revisions"}],"predecessor-version":[{"id":4187,"href":"https:\/\/www.komy.it\/es\/wp-json\/wp\/v2\/pages\/4006\/revisions\/4187"}],"wp:attachment":[{"href":"https:\/\/www.komy.it\/es\/wp-json\/wp\/v2\/media?parent=4006"}],"curies":[{"name":"wp","href":"https:\/\/api.w.org\/{rel}","templated":true}]}}